{"id":740,"date":"2017-12-10T16:45:49","date_gmt":"2017-12-10T19:45:49","guid":{"rendered":"http:\/\/sowart.com.ar\/?page_id=740"},"modified":"2017-12-10T16:45:49","modified_gmt":"2017-12-10T19:45:49","slug":"10ma-fecha-10-12-2017-balcarce","status":"publish","type":"page","link":"https:\/\/sowart.com.ar\/?page_id=740","title":{"rendered":"10ma Fecha &#8211; 10\/12\/2017 Balcarce"},"content":{"rendered":"<p><a href=\"https:\/\/sowart.com.ar\/wp-content\/uploads\/2017\/12\/Regional-101217.zip\">Descargar Resultados Regional 10\/12\/2017<\/a><\/p>\n<h3>110cc<\/h3>\n<p><a href=\"https:\/\/sowart.com.ar\/wp-content\/uploads\/2017\/12\/Clasificacion-110-Standard-1-1-1.txt\">Clasificaci\u00f3n &#8211; 110cc<\/a><\/p>\n<p><a href=\"https:\/\/sowart.com.ar\/wp-content\/uploads\/2017\/12\/Serie-110-Standard-1-1.txt\">Serie &#8211; 110cc<\/a><\/p>\n<p><a href=\"https:\/\/sowart.com.ar\/wp-content\/uploads\/2017\/12\/Final-110-Standard-1-1.txt\">Final &#8211; 110cc<\/a><\/p>\n<h3>150cc<\/h3>\n<p><a href=\"https:\/\/sowart.com.ar\/wp-content\/uploads\/2017\/12\/Clasificacion-150-Standard-1-1.txt\">Clasificaci\u00f3n &#8211; 150cc<\/a><\/p>\n<p><a href=\"https:\/\/sowart.com.ar\/wp-content\/uploads\/2017\/12\/Serie-150-Standard-1-1-1.txt\">Serie &#8211; 150cc<\/a><\/p>\n<p><a href=\"https:\/\/sowart.com.ar\/wp-content\/uploads\/2017\/12\/Final-150-Standard-1-1.txt\">Final &#8211; 150cc<\/a><\/p>\n<h3>200cc<\/h3>\n<p><a href=\"https:\/\/sowart.com.ar\/wp-content\/uploads\/2017\/12\/Clasificacion-200-Standard-1-1.txt\">Clasificaci\u00f3n &#8211; 200cc<\/a><\/p>\n<p><a href=\"https:\/\/sowart.com.ar\/wp-content\/uploads\/2017\/12\/Serie-200-Standard-1-1.txt\">Serie &#8211; 200cc<\/a><\/p>\n<p><a href=\"https:\/\/sowart.com.ar\/wp-content\/uploads\/2017\/12\/Final-200-Standard-1-1-1.txt\">Final &#8211; 200cc<\/a><\/p>\n","protected":false},"excerpt":{"rendered":"<p>Descargar Resultados Regional 10\/12\/2017 110cc Clasificaci\u00f3n &#8211; 110cc Serie &#8211; 110cc Final &#8211; 110cc 150cc Clasificaci\u00f3n &#8211; 150cc Serie &#8211; 150cc Final &#8211; 150cc 200cc Clasificaci\u00f3n &#8211; 200cc Serie &#8211; 200cc Final &#8211; 200cc<\/p>\n","protected":false},"author":4,"featured_media":0,"parent":0,"menu_order":0,"comment_status":"closed","ping_status":"closed","template":"","meta":{"footnotes":""},"class_list":["post-740","page","type-page","status-publish"],"post_mailing_queue_ids":[],"_links":{"self":[{"href":"https:\/\/sowart.com.ar\/index.php?rest_route=\/wp\/v2\/pages\/740","targetHints":{"allow":["GET"]}}],"collection":[{"href":"https:\/\/sowart.com.ar\/index.php?rest_route=\/wp\/v2\/pages"}],"about":[{"href":"https:\/\/sowart.com.ar\/index.php?rest_route=\/wp\/v2\/types\/page"}],"author":[{"embeddable":true,"href":"https:\/\/sowart.com.ar\/index.php?rest_route=\/wp\/v2\/users\/4"}],"replies":[{"embeddable":true,"href":"https:\/\/sowart.com.ar\/index.php?rest_route=%2Fwp%2Fv2%2Fcomments&post=740"}],"version-history":[{"count":1,"href":"https:\/\/sowart.com.ar\/index.php?rest_route=\/wp\/v2\/pages\/740\/revisions"}],"predecessor-version":[{"id":754,"href":"https:\/\/sowart.com.ar\/index.php?rest_route=\/wp\/v2\/pages\/740\/revisions\/754"}],"wp:attachment":[{"href":"https:\/\/sowart.com.ar\/index.php?rest_route=%2Fwp%2Fv2%2Fmedia&parent=740"}],"curies":[{"name":"wp","href":"https:\/\/api.w.org\/{rel}","templated":true}]}}