{"id":72,"date":"2017-08-10T00:49:46","date_gmt":"2017-08-10T03:49:46","guid":{"rendered":"http:\/\/sowart.com.ar\/?page_id=72"},"modified":"2025-03-28T11:51:46","modified_gmt":"2025-03-28T14:51:46","slug":"nosotros","status":"publish","type":"page","link":"https:\/\/sowart.com.ar\/?page_id=72","title":{"rendered":"Nosotros"},"content":{"rendered":"<p style=\"text-align: center;\"><img loading=\"lazy\" decoding=\"async\" class=\"alignnone wp-image-151\" src=\"https:\/\/sowart.com.ar\/wp-content\/uploads\/2017\/08\/11051900_1124740807541672_3841339916036346852_n-300x225.jpg\" alt=\"\" width=\"389\" height=\"292\" srcset=\"https:\/\/sowart.com.ar\/wp-content\/uploads\/2017\/08\/11051900_1124740807541672_3841339916036346852_n-300x225.jpg 300w, https:\/\/sowart.com.ar\/wp-content\/uploads\/2017\/08\/11051900_1124740807541672_3841339916036346852_n-768x576.jpg 768w, https:\/\/sowart.com.ar\/wp-content\/uploads\/2017\/08\/11051900_1124740807541672_3841339916036346852_n.jpg 960w\" sizes=\"auto, (max-width: 389px) 100vw, 389px\" \/><\/p>\n<p>Somos un grupo de cronometraje calificado y profesional, especializados en competencias de Kart. Desde 2009 hasta hoy trabajamos con el objetivo de perfeccionar nuestros trabajo y mejorar los servicios a categor\u00edas y pilotos, brind\u00e1ndoles la informaci\u00f3n en el momento adecuado. Ofrecemos un servicio de calidad, adaptable a las necesidades espec\u00edficas de cada categor\u00eda y evento.<\/p>\n<p>Actualmente trabajamos junto a:<\/p>\n<ul>\n<li>Asociaci\u00f3n Zonal de Karting Mar y Sierras (AZK)<\/li>\n<\/ul>\n<p>Previamente trabajamos junto a:<\/p>\n<ul>\n<li>Kart Regional Mar y Sierras<\/li>\n<li>Asociaci\u00f3n Kartistas del Sur (AKDS)<\/li>\n<\/ul>\n","protected":false},"excerpt":{"rendered":"<p>Somos un grupo de cronometraje calificado y profesional, especializados en competencias de Kart. Desde 2009 hasta hoy trabajamos con el objetivo de perfeccionar nuestros trabajo y mejorar los servicios a categor\u00edas y pilotos, brind\u00e1ndoles la informaci\u00f3n en el momento adecuado. Ofrecemos un servicio de calidad, adaptable a las necesidades espec\u00edficas de cada categor\u00eda y evento. &#8230; <a title=\"Nosotros\" class=\"read-more\" href=\"https:\/\/sowart.com.ar\/?page_id=72\" aria-label=\"Leer m\u00e1s sobre Nosotros\">Leer m\u00e1s<\/a><\/p>\n","protected":false},"author":1,"featured_media":0,"parent":0,"menu_order":0,"comment_status":"closed","ping_status":"closed","template":"","meta":{"footnotes":""},"class_list":["post-72","page","type-page","status-publish"],"post_mailing_queue_ids":[],"_links":{"self":[{"href":"https:\/\/sowart.com.ar\/index.php?rest_route=\/wp\/v2\/pages\/72","targetHints":{"allow":["GET"]}}],"collection":[{"href":"https:\/\/sowart.com.ar\/index.php?rest_route=\/wp\/v2\/pages"}],"about":[{"href":"https:\/\/sowart.com.ar\/index.php?rest_route=\/wp\/v2\/types\/page"}],"author":[{"embeddable":true,"href":"https:\/\/sowart.com.ar\/index.php?rest_route=\/wp\/v2\/users\/1"}],"replies":[{"embeddable":true,"href":"https:\/\/sowart.com.ar\/index.php?rest_route=%2Fwp%2Fv2%2Fcomments&post=72"}],"version-history":[{"count":3,"href":"https:\/\/sowart.com.ar\/index.php?rest_route=\/wp\/v2\/pages\/72\/revisions"}],"predecessor-version":[{"id":3413,"href":"https:\/\/sowart.com.ar\/index.php?rest_route=\/wp\/v2\/pages\/72\/revisions\/3413"}],"wp:attachment":[{"href":"https:\/\/sowart.com.ar\/index.php?rest_route=%2Fwp%2Fv2%2Fmedia&parent=72"}],"curies":[{"name":"wp","href":"https:\/\/api.w.org\/{rel}","templated":true}]}}