{"id":408,"date":"2017-09-25T19:18:51","date_gmt":"2017-09-25T22:18:51","guid":{"rendered":"http:\/\/sowart.com.ar\/?page_id=408"},"modified":"2017-09-26T12:37:04","modified_gmt":"2017-09-26T15:37:04","slug":"1er-fecha-12032017-balcarce-2","status":"publish","type":"page","link":"https:\/\/sowart.com.ar\/?page_id=408","title":{"rendered":"1er Fecha &#8211; 12\/03\/2017 Balcarce"},"content":{"rendered":"<p><a href=\"https:\/\/sowart.com.ar\/wp-content\/uploads\/2017\/09\/1ra-AKDS.zip\">Descargar Resultados 1ra Fecha<\/a><\/p>\n<h3>Junior<\/h3>\n<p><a href=\"https:\/\/sowart.com.ar\/wp-content\/uploads\/2017\/09\/Clasificacion-Junior-1-1.txt\">Clasificaci\u00f3n &#8211; Junior<\/a><\/p>\n<p><a href=\"https:\/\/sowart.com.ar\/wp-content\/uploads\/2017\/09\/Serie-Junior-1-1.txt\">Serie &#8211; Junior<\/a><\/p>\n<p><a href=\"https:\/\/sowart.com.ar\/wp-content\/uploads\/2017\/09\/Final-Junior-1-1.txt\">Final &#8211; Junior<\/a><\/p>\n<h3>Master<\/h3>\n<p><a href=\"https:\/\/sowart.com.ar\/wp-content\/uploads\/2017\/09\/Clasificacion-Master-1-1.txt\">Clasificaci\u00f3n &#8211; Master<\/a><\/p>\n<p><a href=\"https:\/\/sowart.com.ar\/wp-content\/uploads\/2017\/09\/Serie-Master-1-1.txt\">Serie &#8211; Master<\/a><\/p>\n<p><a href=\"https:\/\/sowart.com.ar\/wp-content\/uploads\/2017\/09\/Final-Master-1-1.txt\">Final &#8211; Master<\/a><\/p>\n<h3>Pro<\/h3>\n<p><a href=\"https:\/\/sowart.com.ar\/wp-content\/uploads\/2017\/09\/Clasificacion-Pro-1-1.txt\">Clasificacion &#8211; Pro<\/a><\/p>\n<p><a href=\"https:\/\/sowart.com.ar\/wp-content\/uploads\/2017\/09\/Super-Clasificacion-Pro-2-1.txt\">Super Clasificaci\u00f3n &#8211; Pro<\/a><\/p>\n<p><a href=\"https:\/\/sowart.com.ar\/wp-content\/uploads\/2017\/09\/Serie-Pro-1-1.txt\">Serie &#8211; Pro &#8211; 1<\/a><\/p>\n<p><a href=\"https:\/\/sowart.com.ar\/wp-content\/uploads\/2017\/09\/Serie-Pro-2-1.txt\">Serie &#8211; Pro &#8211; 2<\/a><\/p>\n<p><a href=\"https:\/\/sowart.com.ar\/wp-content\/uploads\/2017\/09\/Final-Pro-1-1.txt\">Final &#8211; Pro<\/a><\/p>\n","protected":false},"excerpt":{"rendered":"<p>Descargar Resultados 1ra Fecha Junior Clasificaci\u00f3n &#8211; Junior Serie &#8211; Junior Final &#8211; Junior Master Clasificaci\u00f3n &#8211; Master Serie &#8211; Master Final &#8211; Master Pro Clasificacion &#8211; Pro Super Clasificaci\u00f3n &#8211; Pro Serie &#8211; Pro &#8211; 1 Serie &#8211; Pro &#8211; 2 Final &#8211; Pro<\/p>\n","protected":false},"author":4,"featured_media":0,"parent":0,"menu_order":0,"comment_status":"closed","ping_status":"closed","template":"","meta":{"footnotes":""},"class_list":["post-408","page","type-page","status-publish"],"post_mailing_queue_ids":[],"_links":{"self":[{"href":"https:\/\/sowart.com.ar\/index.php?rest_route=\/wp\/v2\/pages\/408","targetHints":{"allow":["GET"]}}],"collection":[{"href":"https:\/\/sowart.com.ar\/index.php?rest_route=\/wp\/v2\/pages"}],"about":[{"href":"https:\/\/sowart.com.ar\/index.php?rest_route=\/wp\/v2\/types\/page"}],"author":[{"embeddable":true,"href":"https:\/\/sowart.com.ar\/index.php?rest_route=\/wp\/v2\/users\/4"}],"replies":[{"embeddable":true,"href":"https:\/\/sowart.com.ar\/index.php?rest_route=%2Fwp%2Fv2%2Fcomments&post=408"}],"version-history":[{"count":2,"href":"https:\/\/sowart.com.ar\/index.php?rest_route=\/wp\/v2\/pages\/408\/revisions"}],"predecessor-version":[{"id":449,"href":"https:\/\/sowart.com.ar\/index.php?rest_route=\/wp\/v2\/pages\/408\/revisions\/449"}],"wp:attachment":[{"href":"https:\/\/sowart.com.ar\/index.php?rest_route=%2Fwp%2Fv2%2Fmedia&parent=408"}],"curies":[{"name":"wp","href":"https:\/\/api.w.org\/{rel}","templated":true}]}}